{"id":3942,"date":"2025-03-05T11:46:41","date_gmt":"2025-03-05T11:46:41","guid":{"rendered":"https:\/\/www.adlgyo.com\/?page_id=3942"},"modified":"2025-03-10T17:50:39","modified_gmt":"2025-03-10T17:50:39","slug":"adl-square","status":"publish","type":"page","link":"https:\/\/www.adlgyo.com\/index.php\/adl-square\/","title":{"rendered":"ADL Square"},"content":{"rendered":"<p>[vc_row][vc_column][vc_gallery interval=&#8221;3&#8243; images=&#8221;4026,4030,4025,4027,4028,4029&#8243; img_size=&#8221;full&#8221;][\/vc_column][\/vc_row][vc_row full_width=&#8221;stretch_row&#8221; css=&#8221;.vc_custom_1449134047180{background-color: #ffffff !important;}&#8221;][vc_column width=&#8221;1\/3&#8243;][vc_empty_space height=&#8221;1em&#8221;][vc_column_text]<\/p>\n<h2><strong>ADL Square <\/strong>Konut ve Ma\u011faza projesidir.<\/h2>\n<ul>\n<li><big>Proje 66 adet konut, 14 ma\u011fazadan olu\u015fmaktad\u0131r. <\/big><\/li>\n<li><big>ADL Square\u2019da konutlar<br \/>\n3 + 1 daireler 156 metre\u00b2,<br \/>\n<\/big> <big>4 + 1 daireler 180 metre\u00b2 b\u00fcy\u00fckl\u00fc\u011f\u00fcndedir.<\/big><\/li>\n<\/ul>\n<p><big>\u00a0<\/big>[\/vc_column_text][vc_empty_space height=&#8221;7em&#8221;][\/vc_column][vc_column width=&#8221;1\/3&#8243;][vc_empty_space height=&#8221;1em&#8221;][vc_column_text]<\/p>\n<h2>Teknik \u00d6zellikleri<\/h2>\n<ul>\n<li><big>Yerden \u0131s\u0131tma,<\/big><\/li>\n<li><big> Yatak odas\u0131 ve salon klimal\u0131d\u0131r.<\/big><\/li>\n<li><big>Bosch marka ankastre \u00fcr\u00fcnler (F\u0131r\u0131n, Davlumbaz, Ocak),<\/big><\/li>\n<li><big>Dairelerde yatak odas\u0131nda giyim odas\u0131 bulunmaktad\u0131r.<\/big><\/li>\n<li><big>Is\u0131 Cam ve Konfor Cam kullan\u0131lm\u0131\u015ft\u0131r.<\/big><\/li>\n<li><big>Ses yal\u0131t\u0131m\u0131 yap\u0131lm\u0131\u015ft\u0131r.<\/big><\/li>\n<li><big>\u00c7imstone mutfak tezgahlar\u0131<\/big><\/li>\n<li><big>Parke ve seramik yer d\u00f6\u015femesi<\/big><\/li>\n<li><big>Kapal\u0131 otopark<\/big><\/li>\n<li><big>D\u0131\u015f cephesi Hindistan&#8217;dan gelen do\u011fal ta\u015flarla yap\u0131ld\u0131.<\/big><\/li>\n<li><big>7\/24 g\u00fcvenlik sistemi<\/big><\/li>\n<\/ul>\n<p>[\/vc_column_text][\/vc_column][vc_column width=&#8221;1\/3&#8243;][vc_empty_space height=&#8221;1em&#8221;][vc_column_text]<\/p>\n<h2>Sosyal Tesisler<\/h2>\n<ul>\n<li><big>1200 metre\u00b2 \u0130stanbul manzaral\u0131 teras keyfi<\/big><\/li>\n<\/ul>\n<p>[\/vc_column_text][\/vc_column][\/vc_row][vc_row][vc_column][vc_column_text]<iframe loading=\"lazy\" style=\"border: 0;\" src=\"https:\/\/www.google.com\/maps\/embed?pb=!1m18!1m12!1m3!1d3005.093536369363!2d28.830418275639545!3d41.13248401176825!2m3!1f0!2f0!3f0!3m2!1i1024!2i768!4f13.1!3m3!1m2!1s0x14caaf45b0057091%3A0x689501251255829c!2sADL%20Square!5e0!3m2!1str!2str!4v1741523695407!5m2!1str!2str\" width=\"1200\" height=\"350\" frameborder=\"0\" allowfullscreen=\"allowfullscreen\"><\/iframe>[\/vc_column_text][\/vc_column][\/vc_row]<\/p>\n","protected":false},"excerpt":{"rendered":"<p>[vc_row][vc_column][vc_gallery interval=&#8221;3&#8243; images=&#8221;4026,4030,4025,4027,4028,4029&#8243; img_size=&#8221;full&#8221;][\/vc_column][\/vc_row][vc_row full_width=&#8221;stretch_row&#8221; css=&#8221;.vc_custom_1449134047180{background-color: #ffffff !important;}&#8221;][vc_column width=&#8221;1\/3&#8243;][vc_empty_space height=&#8221;1em&#8221;][vc_column_text] ADL Square Konut ve Ma\u011faza projesidir. Proje 66 adet konut, 14 ma\u011fazadan olu\u015fmaktad\u0131r. ADL Square\u2019da konutlar 3 + 1 daireler 156 metre\u00b2, 4 + 1 daireler 180 metre\u00b2 b\u00fcy\u00fckl\u00fc\u011f\u00fcndedir. \u00a0[\/vc_column_text][vc_empty_space height=&#8221;7em&#8221;][\/vc_column][vc_column width=&#8221;1\/3&#8243;][vc_empty_space height=&#8221;1em&#8221;][vc_column_text] Teknik \u00d6zellikleri Yerden \u0131s\u0131tma, Yatak odas\u0131 ve salon klimal\u0131d\u0131r. Bosch marka ankastre [&hellip;]<\/p>\n","protected":false},"author":1,"featured_media":0,"parent":0,"menu_order":0,"comment_status":"closed","ping_status":"closed","template":"","meta":[],"_links":{"self":[{"href":"https:\/\/www.adlgyo.com\/index.php\/wp-json\/wp\/v2\/pages\/3942"}],"collection":[{"href":"https:\/\/www.adlgyo.com\/index.php\/wp-json\/wp\/v2\/pages"}],"about":[{"href":"https:\/\/www.adlgyo.com\/index.php\/wp-json\/wp\/v2\/types\/page"}],"author":[{"embeddable":true,"href":"https:\/\/www.adlgyo.com\/index.php\/wp-json\/wp\/v2\/users\/1"}],"replies":[{"embeddable":true,"href":"https:\/\/www.adlgyo.com\/index.php\/wp-json\/wp\/v2\/comments?post=3942"}],"version-history":[{"count":32,"href":"https:\/\/www.adlgyo.com\/index.php\/wp-json\/wp\/v2\/pages\/3942\/revisions"}],"predecessor-version":[{"id":4031,"href":"https:\/\/www.adlgyo.com\/index.php\/wp-json\/wp\/v2\/pages\/3942\/revisions\/4031"}],"wp:attachment":[{"href":"https:\/\/www.adlgyo.com\/index.php\/wp-json\/wp\/v2\/media?parent=3942"}],"curies":[{"name":"wp","href":"https:\/\/api.w.org\/{rel}","templated":true}]}}