{"id":3991,"date":"2025-03-09T17:19:48","date_gmt":"2025-03-09T17:19:48","guid":{"rendered":"https:\/\/www.adlgyo.com\/?page_id=3991"},"modified":"2025-09-23T17:32:26","modified_gmt":"2025-09-23T17:32:26","slug":"adl-elegance","status":"publish","type":"page","link":"https:\/\/www.adlgyo.com\/index.php\/adl-elegance\/","title":{"rendered":"ADL Elegance"},"content":{"rendered":"<p>[vc_row][vc_column][vc_gallery interval=&#8221;3&#8243; images=&#8221;4056,4057,4058,4059,4060,4061,4062&#8243; img_size=&#8221;full&#8221;][\/vc_column][\/vc_row][vc_row full_width=&#8221;stretch_row&#8221; css=&#8221;.vc_custom_1449134047180{background-color: #ffffff !important;}&#8221;][vc_column width=&#8221;1\/3&#8243;][vc_empty_space height=&#8221;1em&#8221;][vc_column_text]<\/p>\n<h2><strong>ADL Elegance, <\/strong>Ma\u011faza ve Konut projesidir.<\/h2>\n<ul>\n<li><big>Proje 2 blokta olarak tasarlanm\u0131\u015ft\u0131r. <\/big><\/li>\n<li><big>11 adet ma\u011faza, 72 daireden olu\u015fmaktad\u0131r.<\/big><\/li>\n<li><big>24 adet 2+1 daire,<br \/>\n24 adet 3+1 daire,<br \/>\n24 adet 4+1 daire bulunmaktad\u0131r. <\/big><\/li>\n<li><big>ADL Elegance\u2019da Konutlar<br \/>\n2 + 1 Daireler 110 m\u00b2<br \/>\n<\/big><big>3 + 1 daireler 150 m\u00b2<br \/>\n<\/big> <big>4 + 1 daireler 185 m\u00b2 b\u00fcy\u00fckl\u00fc\u011f\u00fcndedir.<\/big><\/li>\n<li><big>Ma\u011fazalar<br \/>\n250-2000 m\u00b2 aras\u0131 b\u00fcy\u00fckl\u00fcktedir.<\/big><\/li>\n<\/ul>\n<p>[\/vc_column_text][vc_empty_space height=&#8221;7em&#8221;][\/vc_column][vc_column width=&#8221;1\/3&#8243;][vc_empty_space height=&#8221;1em&#8221;][vc_column_text]<\/p>\n<h2>Teknik \u00d6zellikleri<\/h2>\n<ul>\n<li><big>Yerden \u0131s\u0131tma<\/big><\/li>\n<li><big>Salon klimal\u0131d\u0131r.<\/big><\/li>\n<li><big>Ar\u00e7elik marka ankastre \u00fcr\u00fcnler (F\u0131r\u0131n, Ocak, Davlumbaz),<\/big><\/li>\n<li><big>\u00c7ift duvarl\u0131d\u0131r<\/big><\/li>\n<li><big>Is\u0131 Cam ve Konfor Cam kullan\u0131lm\u0131\u015ft\u0131r<\/big><\/li>\n<li><big>Ses yal\u0131t\u0131m\u0131 yap\u0131lm\u0131\u015ft\u0131r<\/big><\/li>\n<li><big>\u00c7imstone mutfak tezgahlar\u0131<\/big><\/li>\n<li><big>Parke ve seramik yer d\u00f6\u015femesi<\/big><\/li>\n<li><big>Deprem Y\u00f6netmeli\u011fine uygundur<\/big><\/li>\n<li><big>Kapal\u0131 Otopark<\/big><\/li>\n<li><big>\u015earj \u0130stasyonu<\/big><\/li>\n<li><big>7\/24 g\u00fcvenlik sistemi<\/big><\/li>\n<\/ul>\n<p>[\/vc_column_text][\/vc_column][vc_column width=&#8221;1\/3&#8243;][vc_empty_space height=&#8221;1em&#8221;][vc_column_text]<\/p>\n<h2>Sosyal Tesisler<\/h2>\n<ul>\n<li><big>Spor Salonu y\u00f6nelik<\/big><\/li>\n<li><big>700 m\u00b2 ye\u015fil alan<\/big><\/li>\n<\/ul>\n<p>[\/vc_column_text][\/vc_column][\/vc_row][vc_row][vc_column]<figure class=\"sc_image  sc_image_shape_square\"><img src=\"https:\/\/www.adlgyo.com\/wp-content\/uploads\/2025\/03\/ADL-Elegance-copy-scaled.jpg\" alt=\"\" \/><\/figure>[\/vc_column][\/vc_row]<\/p>\n","protected":false},"excerpt":{"rendered":"<p>[vc_row][vc_column][vc_gallery interval=&#8221;3&#8243; images=&#8221;4056,4057,4058,4059,4060,4061,4062&#8243; img_size=&#8221;full&#8221;][\/vc_column][\/vc_row][vc_row full_width=&#8221;stretch_row&#8221; css=&#8221;.vc_custom_1449134047180{background-color: #ffffff !important;}&#8221;][vc_column width=&#8221;1\/3&#8243;][vc_empty_space height=&#8221;1em&#8221;][vc_column_text] ADL Elegance, Ma\u011faza ve Konut projesidir. Proje 2 blokta olarak tasarlanm\u0131\u015ft\u0131r. 11 adet ma\u011faza, 72 daireden olu\u015fmaktad\u0131r. 24 adet 2+1 daire, 24 adet 3+1 daire, 24 adet 4+1 daire bulunmaktad\u0131r. ADL Elegance\u2019da Konutlar 2 + 1 Daireler 110 m\u00b2 3 + 1 daireler 150 m\u00b2 [&hellip;]<\/p>\n","protected":false},"author":1,"featured_media":0,"parent":0,"menu_order":0,"comment_status":"closed","ping_status":"closed","template":"","meta":[],"_links":{"self":[{"href":"https:\/\/www.adlgyo.com\/index.php\/wp-json\/wp\/v2\/pages\/3991"}],"collection":[{"href":"https:\/\/www.adlgyo.com\/index.php\/wp-json\/wp\/v2\/pages"}],"about":[{"href":"https:\/\/www.adlgyo.com\/index.php\/wp-json\/wp\/v2\/types\/page"}],"author":[{"embeddable":true,"href":"https:\/\/www.adlgyo.com\/index.php\/wp-json\/wp\/v2\/users\/1"}],"replies":[{"embeddable":true,"href":"https:\/\/www.adlgyo.com\/index.php\/wp-json\/wp\/v2\/comments?post=3991"}],"version-history":[{"count":6,"href":"https:\/\/www.adlgyo.com\/index.php\/wp-json\/wp\/v2\/pages\/3991\/revisions"}],"predecessor-version":[{"id":4117,"href":"https:\/\/www.adlgyo.com\/index.php\/wp-json\/wp\/v2\/pages\/3991\/revisions\/4117"}],"wp:attachment":[{"href":"https:\/\/www.adlgyo.com\/index.php\/wp-json\/wp\/v2\/media?parent=3991"}],"curies":[{"name":"wp","href":"https:\/\/api.w.org\/{rel}","templated":true}]}}