{"id":3997,"date":"2025-03-09T18:24:33","date_gmt":"2025-03-09T18:24:33","guid":{"rendered":"https:\/\/www.adlgyo.com\/?page_id=3997"},"modified":"2025-03-25T11:10:08","modified_gmt":"2025-03-25T11:10:08","slug":"adl-junior","status":"publish","type":"page","link":"https:\/\/www.adlgyo.com\/index.php\/adl-junior\/","title":{"rendered":"ADL Junior"},"content":{"rendered":"<p>[vc_row][vc_column][vc_gallery interval=&#8221;3&#8243; images=&#8221;3943,3944&#8243; img_size=&#8221;full&#8221;][\/vc_column][\/vc_row][vc_row full_width=&#8221;stretch_row&#8221; css=&#8221;.vc_custom_1449134047180{background-color: #ffffff !important;}&#8221;][vc_column width=&#8221;1\/3&#8243;][vc_empty_space height=&#8221;1em&#8221;][vc_column_text]<\/p>\n<h2><strong>ADL Junior, D\u00fckkan ve <\/strong>Konut projesidir.<\/h2>\n<ul>\n<li><big>Proje 2 adet d\u00fckkan, 8 adet 4+1 daire bulunmaktad\u0131r. <\/big><\/li>\n<li><big>ADL Junior\u2019da Konutlar<\/big><big><br \/>\n<\/big> <big>4 + 1 daireler 150 m\u00b2 b\u00fcy\u00fckl\u00fc\u011f\u00fcndedir.<\/big><\/li>\n<li><big>D\u00fckkanlar<br \/>\n140 m\u00b2 b\u00fcy\u00fckl\u00fc\u011f\u00fcndedir.<\/big><\/li>\n<\/ul>\n<p>[\/vc_column_text][vc_empty_space height=&#8221;7em&#8221;][\/vc_column][vc_column width=&#8221;1\/3&#8243;][vc_empty_space height=&#8221;1em&#8221;][vc_column_text]<\/p>\n<h2>Teknik \u00d6zellikleri<\/h2>\n<ul>\n<li><big>Yerden \u0131s\u0131tma,<\/big><\/li>\n<li><big> Yatak odas\u0131 ve salon klimal\u0131d\u0131r.<\/big><\/li>\n<li><big>Bosch marka ankastre \u00fcr\u00fcnler (F\u0131r\u0131n, Davlumbaz, Ocak),<\/big><\/li>\n<li><big>Is\u0131 Cam ve Konfor Cam kullan\u0131lm\u0131\u015ft\u0131r.<\/big><\/li>\n<li><big>Ses yal\u0131t\u0131m\u0131 yap\u0131lm\u0131\u015ft\u0131r.<\/big><\/li>\n<li><big>\u00c7imstone mutfak tezgahlar\u0131<\/big><\/li>\n<li><big>Parke ve seramik yer d\u00f6\u015femesi<\/big><\/li>\n<li><big>Kapal\u0131 otopark<\/big><\/li>\n<li><big>7\/24 g\u00fcvenlik sistemi<\/big><\/li>\n<\/ul>\n<p>[\/vc_column_text][\/vc_column][vc_column width=&#8221;1\/3&#8243;][vc_empty_space height=&#8221;1em&#8221;][vc_column_text]<\/p>\n<h2>Sosyal Tesisler<\/h2>\n<ul>\n<li><big>Ye\u015fil alan<\/big><\/li>\n<\/ul>\n<p>[\/vc_column_text][\/vc_column][\/vc_row][vc_row][vc_column]<figure class=\"sc_image  sc_image_shape_square\"><img src=\"https:\/\/www.adlgyo.com\/wp-content\/uploads\/2025\/03\/ADL-Junior2-copy-scaled.jpg\" alt=\"\" \/><\/figure>[\/vc_column][\/vc_row]<\/p>\n","protected":false},"excerpt":{"rendered":"<p>[vc_row][vc_column][vc_gallery interval=&#8221;3&#8243; images=&#8221;3943,3944&#8243; img_size=&#8221;full&#8221;][\/vc_column][\/vc_row][vc_row full_width=&#8221;stretch_row&#8221; css=&#8221;.vc_custom_1449134047180{background-color: #ffffff !important;}&#8221;][vc_column width=&#8221;1\/3&#8243;][vc_empty_space height=&#8221;1em&#8221;][vc_column_text] ADL Junior, D\u00fckkan ve Konut projesidir. Proje 2 adet d\u00fckkan, 8 adet 4+1 daire bulunmaktad\u0131r. ADL Junior\u2019da Konutlar 4 + 1 daireler 150 m\u00b2 b\u00fcy\u00fckl\u00fc\u011f\u00fcndedir. D\u00fckkanlar 140 m\u00b2 b\u00fcy\u00fckl\u00fc\u011f\u00fcndedir. [\/vc_column_text][vc_empty_space height=&#8221;7em&#8221;][\/vc_column][vc_column width=&#8221;1\/3&#8243;][vc_empty_space height=&#8221;1em&#8221;][vc_column_text] Teknik \u00d6zellikleri Yerden \u0131s\u0131tma, Yatak odas\u0131 ve salon klimal\u0131d\u0131r. Bosch marka ankastre [&hellip;]<\/p>\n","protected":false},"author":1,"featured_media":0,"parent":0,"menu_order":0,"comment_status":"closed","ping_status":"closed","template":"","meta":[],"_links":{"self":[{"href":"https:\/\/www.adlgyo.com\/index.php\/wp-json\/wp\/v2\/pages\/3997"}],"collection":[{"href":"https:\/\/www.adlgyo.com\/index.php\/wp-json\/wp\/v2\/pages"}],"about":[{"href":"https:\/\/www.adlgyo.com\/index.php\/wp-json\/wp\/v2\/types\/page"}],"author":[{"embeddable":true,"href":"https:\/\/www.adlgyo.com\/index.php\/wp-json\/wp\/v2\/users\/1"}],"replies":[{"embeddable":true,"href":"https:\/\/www.adlgyo.com\/index.php\/wp-json\/wp\/v2\/comments?post=3997"}],"version-history":[{"count":5,"href":"https:\/\/www.adlgyo.com\/index.php\/wp-json\/wp\/v2\/pages\/3997\/revisions"}],"predecessor-version":[{"id":4076,"href":"https:\/\/www.adlgyo.com\/index.php\/wp-json\/wp\/v2\/pages\/3997\/revisions\/4076"}],"wp:attachment":[{"href":"https:\/\/www.adlgyo.com\/index.php\/wp-json\/wp\/v2\/media?parent=3997"}],"curies":[{"name":"wp","href":"https:\/\/api.w.org\/{rel}","templated":true}]}}