{"id":4000,"date":"2025-03-09T19:56:35","date_gmt":"2025-03-09T19:56:35","guid":{"rendered":"https:\/\/www.adlgyo.com\/?page_id=4000"},"modified":"2025-03-09T20:54:33","modified_gmt":"2025-03-09T20:54:33","slug":"adl-park-avm","status":"publish","type":"page","link":"https:\/\/www.adlgyo.com\/index.php\/adl-park-avm\/","title":{"rendered":"ADL Park AVM"},"content":{"rendered":"<p>[vc_row][vc_column][vc_gallery interval=&#8221;3&#8243; images=&#8221;4007,4008,4009,4011&#8243; img_size=&#8221;full&#8221;][\/vc_column][\/vc_row][vc_row full_width=&#8221;stretch_row&#8221; css=&#8221;.vc_custom_1449134047180{background-color: #ffffff !important;}&#8221;][vc_column width=&#8221;1\/3&#8243;][vc_empty_space height=&#8221;1em&#8221;][vc_column_text]<\/p>\n<h2><strong>ADL Park Avm, <\/strong>Ma\u011faza ve D\u00fckkan projesidir.<\/h2>\n<ul>\n<li><big>Proje 65 adet ma\u011faza,<br \/>\n7 Kat Bodru<\/big><big>m,<br \/>\nd\u00fckkan ve otopark bulunmaktad\u0131r. <\/big><\/li>\n<li><big>ADL Park Avm\u2019de Ma\u011fazalar<br \/>\n80-150 m\u00b2 b\u00fcy\u00fckl\u00fcktedir.<\/big><\/li>\n<\/ul>\n<p>[\/vc_column_text][vc_empty_space height=&#8221;7em&#8221;][\/vc_column][vc_column width=&#8221;1\/3&#8243;][vc_empty_space height=&#8221;1em&#8221;][vc_column_text]<\/p>\n<h2>Teknik \u00d6zellikleri<\/h2>\n<ul>\n<li><big>-1. katta \u0130neg\u00f6l Mobilya<\/big><\/li>\n<li><big>-2. katta Kid Station<\/big><\/li>\n<li><big>-3. kat ile -6. kat aras\u0131 otopark<\/big><\/li>\n<li><big>-7. kat Nolm Spa Sa\u011fl\u0131k Merkezi<\/big><\/li>\n<li><big>7\/24 g\u00fcvenlik sistemi<\/big><\/li>\n<\/ul>\n<p>[\/vc_column_text][\/vc_column][vc_column width=&#8221;1\/3&#8243;][vc_empty_space height=&#8221;1em&#8221;][vc_column_text]<\/p>\n<h2>Sosyal<br \/>\nTesisler<\/h2>\n<ul>\n<li><big>Baylara y\u00f6nelik<\/big><\/li>\n<li><big>Sauna,<\/big><\/li>\n<li><big>Hamam,<\/big><\/li>\n<li><big>Y\u00fczme Havuzu,<\/big><\/li>\n<li><big>Jakuzi,<\/big><\/li>\n<li><big>Fitnes Center,<\/big><\/li>\n<li><big>Masaj Salonu<\/big><\/li>\n<li><big>Spa Merkezi<\/big><\/li>\n<\/ul>\n<p>[\/vc_column_text][\/vc_column][\/vc_row][vc_row][vc_column][vc_column_text]<iframe loading=\"lazy\" src=\"https:\/\/www.google.com\/maps\/embed?pb=!1m18!1m12!1m3!1d3006.427057841604!2d28.862189899999997!3d41.1033634!2m3!1f0!2f0!3f0!3m2!1i1024!2i768!4f13.1!3m3!1m2!1s0x14cab130a3b458c7%3A0x2caed4a3b65bdf2e!2sADL%20Park%20AVM!5e0!3m2!1str!2str!4v1741550122855!5m2!1str!2str\" width=\"1200\" height=\"350\" frameborder=\"0\" allowfullscreen=\"allowfullscreen\"><\/iframe>[\/vc_column_text][\/vc_column][\/vc_row]<\/p>\n","protected":false},"excerpt":{"rendered":"<p>[vc_row][vc_column][vc_gallery interval=&#8221;3&#8243; images=&#8221;4007,4008,4009,4011&#8243; img_size=&#8221;full&#8221;][\/vc_column][\/vc_row][vc_row full_width=&#8221;stretch_row&#8221; css=&#8221;.vc_custom_1449134047180{background-color: #ffffff !important;}&#8221;][vc_column width=&#8221;1\/3&#8243;][vc_empty_space height=&#8221;1em&#8221;][vc_column_text] ADL Park Avm, Ma\u011faza ve D\u00fckkan projesidir. Proje 65 adet ma\u011faza, 7 Kat Bodrum, d\u00fckkan ve otopark bulunmaktad\u0131r. ADL Park Avm\u2019de Ma\u011fazalar 80-150 m\u00b2 b\u00fcy\u00fckl\u00fcktedir. [\/vc_column_text][vc_empty_space height=&#8221;7em&#8221;][\/vc_column][vc_column width=&#8221;1\/3&#8243;][vc_empty_space height=&#8221;1em&#8221;][vc_column_text] Teknik \u00d6zellikleri -1. katta \u0130neg\u00f6l Mobilya -2. katta Kid Station -3. kat ile -6. kat aras\u0131 [&hellip;]<\/p>\n","protected":false},"author":1,"featured_media":0,"parent":0,"menu_order":0,"comment_status":"closed","ping_status":"closed","template":"","meta":[],"_links":{"self":[{"href":"https:\/\/www.adlgyo.com\/index.php\/wp-json\/wp\/v2\/pages\/4000"}],"collection":[{"href":"https:\/\/www.adlgyo.com\/index.php\/wp-json\/wp\/v2\/pages"}],"about":[{"href":"https:\/\/www.adlgyo.com\/index.php\/wp-json\/wp\/v2\/types\/page"}],"author":[{"embeddable":true,"href":"https:\/\/www.adlgyo.com\/index.php\/wp-json\/wp\/v2\/users\/1"}],"replies":[{"embeddable":true,"href":"https:\/\/www.adlgyo.com\/index.php\/wp-json\/wp\/v2\/comments?post=4000"}],"version-history":[{"count":8,"href":"https:\/\/www.adlgyo.com\/index.php\/wp-json\/wp\/v2\/pages\/4000\/revisions"}],"predecessor-version":[{"id":4012,"href":"https:\/\/www.adlgyo.com\/index.php\/wp-json\/wp\/v2\/pages\/4000\/revisions\/4012"}],"wp:attachment":[{"href":"https:\/\/www.adlgyo.com\/index.php\/wp-json\/wp\/v2\/media?parent=4000"}],"curies":[{"name":"wp","href":"https:\/\/api.w.org\/{rel}","templated":true}]}}