{"id":985,"date":"2015-08-17T14:59:36","date_gmt":"2015-08-17T14:59:36","guid":{"rendered":"http:\/\/new-life.axiomthemes.com\/?page_id=985"},"modified":"2025-04-11T11:42:20","modified_gmt":"2025-04-11T11:42:20","slug":"home-3","status":"publish","type":"page","link":"https:\/\/www.adlgyo.com\/","title":{"rendered":"Anasayfa"},"content":{"rendered":"<p>[vc_row][vc_column]<h2 class=\"sc_title sc_title_regular sc_align_center\" style=\"margin-top:2.3em;text-align:center;\">S\u0130ZE YAKI\u015eAN DOLU DOLU B\u0130R YA\u015eAM<\/h2>[\/vc_column][\/vc_row][vc_row][vc_column width=&#8221;1\/3&#8243;]<figure class=\"sc_image  sc_image_shape_square\"><img src=\"https:\/\/www.adlgyo.com\/wp-content\/uploads\/2025\/04\/On_Sayfa-001-1.jpg\" alt=\"\" \/><\/figure>[vc_empty_space height=&#8221;2em&#8221;][vc_column_text]<\/p>\n<p style=\"text-align: center;\">T\u00fcm projelerimizde tasar\u0131m\u0131ndan malzemesine, m\u00fchendisli\u011finden i\u015f\u00e7ili\u011fine kadar daima insan\u0131 merkeze alan bir anlay\u0131\u015fla hareket etmekteyiz.<\/p>\n<p>[\/vc_column_text][vc_empty_space height=&#8221;2em&#8221;][\/vc_column][vc_column width=&#8221;1\/3&#8243;]<figure class=\"sc_image  sc_image_shape_square\"><img src=\"https:\/\/www.adlgyo.com\/wp-content\/uploads\/2025\/03\/Image7_000.jpeg\" alt=\"\" \/><\/figure>[vc_empty_space height=&#8221;2em&#8221;][vc_column_text]<\/p>\n<p style=\"text-align: center;\">Bu prensip do\u011frultusunda da kaliteden asla \u00f6d\u00fcn vermeyen bir \u00e7izgide faaliyetlerimizi s\u00fcrd\u00fcrmekte ve \u00f6nce insan demekte sonra da insan i\u00e7in kalite \u00fcretmekteyiz.<\/p>\n<p>[\/vc_column_text][vc_empty_space height=&#8221;2em&#8221;][\/vc_column][vc_column width=&#8221;1\/3&#8243;]<figure class=\"sc_image  sc_image_shape_square\"><img src=\"https:\/\/www.adlgyo.com\/wp-content\/uploads\/2025\/03\/ADL_proje.jpg\" alt=\"\" \/><\/figure>[vc_empty_space height=&#8221;2em&#8221;][vc_column_text]<\/p>\n<p style=\"text-align: center;\">Her ayr\u0131nt\u0131s\u0131 \u00f6zenle tasarlanan ve g\u00fcvenle in\u015fa edilen birbirinden se\u00e7kin projelerimizi inceleyebilirsiniz\u2026<\/p>\n<p>[\/vc_column_text][vc_empty_space height=&#8221;2em&#8221;][\/vc_column][\/vc_row][vc_row css=&#8221;.vc_custom_1740941685032{background-color: #00a79d !important;}&#8221;][vc_column width=&#8221;5\/12&#8243;][vc_empty_space height=&#8221;1.5em&#8221;]<div class=\"sc_section\" data-animation=\"animated fadeInUp normal\" style=\"margin-left:1em !important;\"><div class=\"sc_section_inner\"><h2 class=\"sc_title sc_title_regular\" style=\"text-transform: capitalize; letter-spacing: 0;margin-top:0.1em;margin-bottom:1em;color:#ffffff;font-weight:700;\">\u015eimdi Hayalleri<br \/>\nYa\u015fama Zaman\u0131<\/h2>[vc_column_text css=&#8221;.vc_custom_1740942060795{margin-bottom: 0px !important;}&#8221;]<span style=\"color: #ffffff;\">ADL GYO projeleriyle geni\u015f ye\u015fil alanlar\u0131, \u00f6zenle d\u00fczenlenmi\u015f peyzaj\u0131, sosyal ve k\u00fclt\u00fcrel aktivitelerin hayata de\u011fer kataca\u011f\u0131 sosyal kul\u00fcp ayr\u0131cal\u0131klar\u0131, kalite ve konforun her an\u0131n\u0131za dokundu\u011fu az katl\u0131 mimari \u00f6zellikleriyle bu kez hayallerin dahi \u00f6tesine ge\u00e7en bir ya\u015fam alan\u0131n\u0131 sizlerle bulu\u015fturuyoruz.<\/span><\/p>\n<p><span style=\"color: #ffffff;\">\u015eimdi kurulan hayalleri ya\u015fama vakti!<\/span><\/p>\n<ul>\n<li><span style=\"color: #ffffff;\">Bisiklet ve y\u00fcr\u00fcy\u00fc\u015f yollar\u0131<\/span><\/li>\n<li><span style=\"color: #ffffff;\">\u00c7ocuk oyun alanlar\u0131<\/span><\/li>\n<li><span style=\"color: #ffffff;\">Spor Merkezi<\/span><\/li>\n<li><span style=\"color: #ffffff;\">Merkezi lokasyon<\/span><\/li>\n<\/ul>\n<p>[\/vc_column_text][vc_empty_space height=&#8221;3em&#8221;]<\/div><\/div>[\/vc_column][vc_column width=&#8221;7\/12&#8243;][vc_empty_space height=&#8221;2em&#8221;]<figure class=\"sc_image  sc_image_shape_square\"><img src=\"https:\/\/www.adlgyo.com\/wp-content\/uploads\/2025\/03\/On-sayfa-alt5.jpg\" alt=\"\" \/><\/figure>[\/vc_column][\/vc_row][vc_row][vc_column][vc_empty_space height=&#8221;3em&#8221;][\/vc_column][\/vc_row][vc_row css=&#8221;.vc_custom_1654859648752{margin-right: 0px !important;margin-left: 0px !important;padding-right: 2.5em !important;padding-left: 2.5em !important;background-color: #00c8ff !important;}&#8221;][vc_column]<div id=\"sc_clients_579186303_wrap\" class=\"sc_clients_wrap\"><div id=\"sc_clients_579186303\" class=\"sc_clients sc_clients_style_clients-1  sc_slider_nopagination sc_slider_nocontrols sc_slider_swiper swiper-slider-container\" data-interval=\"2000\" data-slides-per-view=\"6\" data-slides-space=\"50\" data-slides-min-width=\"150\" style=\"width:100%;\" data-animation=\"animated fadeIn normal\"><div class=\"slides swiper-wrapper\"><div class=\"swiper-slide\" data-style=\"width:100%;\" style=\"width:100%;\">\t\t\t<div id=\"sc_clients_579186303_1\" class=\"sc_clients_item sc_clients_item_1 odd first\">\n\t\t\t\t\t\t\t\t<div class=\"sc_client_image\"><img class=\"wp-post-image\" alt=\"ADL GYO\" src=\"https:\/\/www.adlgyo.com\/wp-content\/uploads\/2015\/11\/Markalar01.png\"><\/div>\n\t\t\t\t\t\t\t<\/div>\n\t\t<\/div><div class=\"swiper-slide\" data-style=\"width:100%;\" style=\"width:100%;\">\t\t\t<div id=\"sc_clients_579186303_2\" class=\"sc_clients_item sc_clients_item_2 even\">\n\t\t\t\t\t\t\t\t<div class=\"sc_client_image\"><img class=\"wp-post-image\" alt=\"ADL PARK\" src=\"https:\/\/www.adlgyo.com\/wp-content\/uploads\/2015\/11\/Markalar02.png\"><\/div>\n\t\t\t\t\t\t\t<\/div>\n\t\t<\/div><div class=\"swiper-slide\" data-style=\"width:100%;\" style=\"width:100%;\">\t\t\t<div id=\"sc_clients_579186303_3\" class=\"sc_clients_item sc_clients_item_3 odd\">\n\t\t\t\t\t\t\t\t<div class=\"sc_client_image\"><img class=\"wp-post-image\" alt=\"ADL Palace\" src=\"https:\/\/www.adlgyo.com\/wp-content\/uploads\/2015\/11\/Markalar03.png\"><\/div>\n\t\t\t\t\t\t\t<\/div>\n\t\t<\/div><div class=\"swiper-slide\" data-style=\"width:100%;\" style=\"width:100%;\">\t\t\t<div id=\"sc_clients_579186303_4\" class=\"sc_clients_item sc_clients_item_4 even\">\n\t\t\t\t\t\t\t\t<div class=\"sc_client_image\"><img class=\"wp-post-image\" alt=\"NOLM HOLM\" src=\"https:\/\/www.adlgyo.com\/wp-content\/uploads\/2015\/11\/Markalar04.png\"><\/div>\n\t\t\t\t\t\t\t<\/div>\n\t\t<\/div><div class=\"swiper-slide\" data-style=\"width:100%;\" style=\"width:100%;\">\t\t\t<div id=\"sc_clients_579186303_5\" class=\"sc_clients_item sc_clients_item_5 odd\">\n\t\t\t\t\t\t\t\t<div class=\"sc_client_image\"><img class=\"wp-post-image\" alt=\"ADL RESIDENCE\" src=\"https:\/\/www.adlgyo.com\/wp-content\/uploads\/2015\/11\/Markalar05.png\"><\/div>\n\t\t\t\t\t\t\t<\/div>\n\t\t<\/div><div class=\"swiper-slide\" data-style=\"width:100%;\" style=\"width:100%;\">\t\t\t<div id=\"sc_clients_579186303_6\" class=\"sc_clients_item sc_clients_item_6 even\">\n\t\t\t\t\t\t\t\t<div class=\"sc_client_image\"><img class=\"wp-post-image\" alt=\"NOLM SPA\" src=\"https:\/\/www.adlgyo.com\/wp-content\/uploads\/2015\/11\/Markalar07.png\"><\/div>\n\t\t\t\t\t\t\t<\/div>\n\t\t<\/div><div class=\"swiper-slide\" data-style=\"width:100%;\" style=\"width:100%;\">\t\t\t<div id=\"sc_clients_579186303_7\" class=\"sc_clients_item sc_clients_item_7 odd\">\n\t\t\t\t\t\t\t\t<div class=\"sc_client_image\"><img class=\"wp-post-image\" alt=\"ADL Elegance\" src=\"https:\/\/www.adlgyo.com\/wp-content\/uploads\/2015\/11\/ADL-Elegance.png\"><\/div>\n\t\t\t\t\t\t\t<\/div>\n\t\t<\/div><div class=\"swiper-slide\" data-style=\"width:100%;\" style=\"width:100%;\">\t\t\t<div id=\"sc_clients_579186303_8\" class=\"sc_clients_item sc_clients_item_8 even\">\n\t\t\t\t\t\t\t\t<div class=\"sc_client_image\"><img class=\"wp-post-image\" alt=\"ADL Junior\" src=\"https:\/\/www.adlgyo.com\/wp-content\/uploads\/2015\/11\/ADL-Junior.png\"><\/div>\n\t\t\t\t\t\t\t<\/div>\n\t\t<\/div><\/div><div class=\"sc_slider_controls_wrap\"><a class=\"sc_slider_prev\" href=\"#\"><\/a><a class=\"sc_slider_next\" href=\"#\"><\/a><\/div><div class=\"sc_slider_pagination_wrap\"><\/div><\/div><!-- \/.sc_clients --><\/div><!-- \/.sc_clients_wrap -->[\/vc_column][\/vc_row][vc_row][vc_column][vc_empty_space height=&#8221;3em&#8221;][\/vc_column][\/vc_row][vc_row][vc_column][vc_empty_space height=&#8221;6em&#8221;][vc_column_text]<iframe loading=\"lazy\" style=\"border: 0;\" src=\"https:\/\/www.google.com\/maps\/embed?pb=!1m18!1m12!1m3!1d2208.4566939404644!2d28.86153413710602!3d41.103880556515584!2m3!1f0!2f0!3f0!3m2!1i1024!2i768!4f13.1!3m3!1m2!1s0x14cab130a3b458c7%3A0x2caed4a3b65bdf2e!2sADL%20Park%20AVM!5e0!3m2!1str!2str!4v1654771921497!5m2!1str!2str\" width=\"1200\" height=\"450\" allowfullscreen=\"allowfullscreen\"><\/iframe>[\/vc_column_text][\/vc_column][\/vc_row]<\/p>\n","protected":false},"excerpt":{"rendered":"<p>[vc_row][vc_column][\/vc_column][\/vc_row][vc_row][vc_column width=&#8221;1\/3&#8243;][vc_empty_space height=&#8221;2em&#8221;][vc_column_text] T\u00fcm projelerimizde tasar\u0131m\u0131ndan malzemesine, m\u00fchendisli\u011finden i\u015f\u00e7ili\u011fine kadar daima insan\u0131 merkeze alan bir anlay\u0131\u015fla hareket etmekteyiz. [\/vc_column_text][vc_empty_space height=&#8221;2em&#8221;][\/vc_column][vc_column width=&#8221;1\/3&#8243;][vc_empty_space height=&#8221;2em&#8221;][vc_column_text] Bu prensip do\u011frultusunda da kaliteden asla \u00f6d\u00fcn vermeyen bir \u00e7izgide faaliyetlerimizi s\u00fcrd\u00fcrmekte ve \u00f6nce insan demekte sonra da insan i\u00e7in kalite \u00fcretmekteyiz. [\/vc_column_text][vc_empty_space height=&#8221;2em&#8221;][\/vc_column][vc_column width=&#8221;1\/3&#8243;][vc_empty_space height=&#8221;2em&#8221;][vc_column_text] Her ayr\u0131nt\u0131s\u0131 \u00f6zenle tasarlanan ve g\u00fcvenle in\u015fa [&hellip;]<\/p>\n","protected":false},"author":1,"featured_media":0,"parent":0,"menu_order":0,"comment_status":"closed","ping_status":"closed","template":"","meta":[],"_links":{"self":[{"href":"https:\/\/www.adlgyo.com\/index.php\/wp-json\/wp\/v2\/pages\/985"}],"collection":[{"href":"https:\/\/www.adlgyo.com\/index.php\/wp-json\/wp\/v2\/pages"}],"about":[{"href":"https:\/\/www.adlgyo.com\/index.php\/wp-json\/wp\/v2\/types\/page"}],"author":[{"embeddable":true,"href":"https:\/\/www.adlgyo.com\/index.php\/wp-json\/wp\/v2\/users\/1"}],"replies":[{"embeddable":true,"href":"https:\/\/www.adlgyo.com\/index.php\/wp-json\/wp\/v2\/comments?post=985"}],"version-history":[{"count":58,"href":"https:\/\/www.adlgyo.com\/index.php\/wp-json\/wp\/v2\/pages\/985\/revisions"}],"predecessor-version":[{"id":4094,"href":"https:\/\/www.adlgyo.com\/index.php\/wp-json\/wp\/v2\/pages\/985\/revisions\/4094"}],"wp:attachment":[{"href":"https:\/\/www.adlgyo.com\/index.php\/wp-json\/wp\/v2\/media?parent=985"}],"curies":[{"name":"wp","href":"https:\/\/api.w.org\/{rel}","templated":true}]}}